{"id":1099,"date":"2018-10-25T20:52:57","date_gmt":"2018-10-25T20:52:57","guid":{"rendered":"https:\/\/ingenis.pl\/jst\/"},"modified":"2018-11-12T22:56:22","modified_gmt":"2018-11-12T22:56:22","slug":"gebietskoerperschaften","status":"publish","type":"page","link":"https:\/\/ingenis.pl\/de\/gebietskoerperschaften\/","title":{"rendered":"Gebietsk\u00f6rperschaften"},"content":{"rendered":"<p>[et_pb_section fb_built=&#8220;1&#8243; _builder_version=&#8220;3.0.47&#8243;][et_pb_row _builder_version=&#8220;3.17.2&#8243;][et_pb_column type=&#8220;4_4&#8243; _builder_version=&#8220;3.0.47&#8243; parallax=&#8220;off&#8220; parallax_method=&#8220;on&#8220;][et_pb_text _builder_version=&#8220;3.17.2&#8243;]<\/p>\n<h2 style=\"text-align: center;\"><span style=\"color: #003366;\">W\u00e4hlen <strong>Sie einen Sektor<\/strong><\/span><\/h2>\n<p>[\/et_pb_text][\/et_pb_column][\/et_pb_row][et_pb_row _builder_version=&#8220;3.17.2&#8243; background_size=&#8220;initial&#8220; background_position=&#8220;top_left&#8220; background_repeat=&#8220;repeat&#8220; global_module=&#8220;1266&#8243; saved_tabs=&#8220;all&#8220;][et_pb_column type=&#8220;1_3&#8243; _builder_version=&#8220;3.0.47&#8243; parallax=&#8220;off&#8220; parallax_method=&#8220;on&#8220;][et_pb_button button_url=&#8220;https:\/\/ingenis.pl\/de\/gebietskoerperschaften&#8220; button_text=&#8220;GEBIETSK\u00d6RPERSCHAFTEN&#8220; button_alignment=&#8220;center&#8220; admin_label=&#8220;JST&#8220; _builder_version=&#8220;3.17.2&#8243; custom_button=&#8220;on&#8220; button_bg_color=&#8220;#003366&#8243; background_layout=&#8220;dark&#8220; custom_css_main_element=&#8220;min-width: 300px;&#8220;][\/et_pb_button][\/et_pb_column][et_pb_column type=&#8220;1_3&#8243; _builder_version=&#8220;3.0.47&#8243; parallax=&#8220;off&#8220; parallax_method=&#8220;on&#8220;][et_pb_button button_url=&#8220;https:\/\/ingenis.pl\/de\/ppp\/&#8220; button_text=&#8220;PPP&#8220; button_alignment=&#8220;center&#8220; admin_label=&#8220;PPP&#8220; _builder_version=&#8220;3.17.2&#8243; custom_button=&#8220;on&#8220; button_bg_color=&#8220;#003366&#8243; background_layout=&#8220;dark&#8220; custom_css_main_element=&#8220;min-width: 300px;&#8220;][\/et_pb_button][\/et_pb_column][et_pb_column type=&#8220;1_3&#8243; _builder_version=&#8220;3.0.47&#8243; parallax=&#8220;off&#8220; parallax_method=&#8220;on&#8220;][et_pb_button button_url=&#8220;https:\/\/ingenis.pl\/de\/unternehmer&#8220; button_text=&#8220;UNTERNEHMER&#8220; button_alignment=&#8220;center&#8220; admin_label=&#8220;PRZEDSIEBIORCY&#8220; _builder_version=&#8220;3.17.2&#8243; custom_button=&#8220;on&#8220; button_bg_color=&#8220;#003366&#8243; background_layout=&#8220;dark&#8220; custom_css_main_element=&#8220;min-width: 300px;&#8220;][\/et_pb_button][\/et_pb_column][\/et_pb_row][et_pb_row _builder_version=&#8220;3.0.48&#8243; background_size=&#8220;initial&#8220; background_position=&#8220;top_left&#8220; background_repeat=&#8220;repeat&#8220;][et_pb_column type=&#8220;1_2&#8243; _builder_version=&#8220;3.0.47&#8243; parallax=&#8220;off&#8220; parallax_method=&#8220;on&#8220;][et_pb_text _builder_version=&#8220;3.17.2&#8243;]<\/p>\n<h5><span style=\"color: #003366;\"><strong>Wir verf\u00fcgen \u00fcber langj\u00e4hrige Erfahrungen bei der Zusammenarbeit mit Gebietsk\u00f6rperschaften. Wir kennen die Bed\u00fcrfnisse und Erwartungen des \u00f6ffentlichen Sektors, da wir Projekte f\u00fcr mehr als hundert Einrichtungen realisiert haben. \u00a0<\/strong><\/span><\/h5>\n<p>Wir bereiten die erforderlichen Bewerbungsunterlagen, einschlie\u00dflich Machbarkeitsstudien, Gesch\u00e4ftspl\u00e4ne und F\u00f6rderantr\u00e4ge vor. Wir befassen uns mit strategischer Beratung, \u00fcbernehmen die Beaufsichtigung der ordnungsgem\u00e4\u00dfen Ausf\u00fchrung von Aufgaben und verwalten die Projektfinanzen, bis alle F\u00f6rdermittel ausgezahlt werden.\u00a0<br \/>Zusammen mit unseren Kunden absolvieren wir alle Phasen bis zur Beschaffung der F\u00f6rdermittel:<\/p>\n<ul>\n<li>Pr\u00fcfung der Bed\u00fcrfnisse des Kunden (Antragstellers) in Bezug auf den Bezuschussungsgegenstand.<\/li>\n<li>Auswahl entsprechenden Projekttyps (Schulungs-, Beratungs- oder Investitionsprojekt) und des Hilfsprogramms, der den Kundenbed\u00fcrfnissen gerecht wird.<\/li>\n<li>Analyse und Bewertung des Projektes im Hinblick auf m\u00f6gliche Beschaffung der EU-F\u00f6rdermittel (Audit).<\/li>\n<li>Erarbeitung der von den EU-Fonds geforderten strategischen Dokumente.<\/li>\n<li>Beratung bei der Gesamtplanung des Projektes.<\/li>\n<li>Beratung bei der Konstruktion des Budgets &#8211; Benennung von f\u00f6rderf\u00e4higen und nicht f\u00f6rderf\u00e4higen Kosten.<\/li>\n<li>Unterst\u00fctzung bei der Beschaffung externen Kapitals.<\/li>\n<li>Ausfertigung des korrekten F\u00f6rderantrags und Erstellung voller Dokumentation f\u00fcr die Anwendung zur Beschaffung von Geldmitteln aus dem jeweiligen EU-Fonds und anderer ausl\u00e4ndischer Zuwendungen.<\/li>\n<li>Fertigstellung, je nach Programmanforderungen des Fonds, der Machbarkeitsstudie oder des Gesch\u00e4ftsplans f\u00fcr die Investition.<\/li>\n<li>Vornahme, je nach Eigenart des Vorhabens, der Bewertung oder Anfertigung des Berichts bez\u00fcglich der Einwirkung der Investition auf die Umwelt.<\/li>\n<li>\u00dcberwachung der Antragspr\u00fcfung.<\/li>\n<li>Weitere Zusammenarbeit zum Zeitpunkt der Anerkennung des F\u00f6rderantrags (Verwaltung der EU-F\u00f6rdermittel).<\/li>\n<\/ul>\n<p>[\/et_pb_text][\/et_pb_column][et_pb_column type=&#8220;1_2&#8243; _builder_version=&#8220;3.0.47&#8243; parallax=&#8220;off&#8220; parallax_method=&#8220;on&#8220;][et_pb_image src=&#8220;https:\/\/ingenis.pl\/wp-content\/uploads\/2018\/10\/jst.jpg&#8220; align=&#8220;center&#8220; admin_label=&#8220;jst&#8220; _builder_version=&#8220;3.17.2&#8243;][\/et_pb_image][\/et_pb_column][\/et_pb_row][\/et_pb_section]<\/p>\n","protected":false},"excerpt":{"rendered":"<p>[et_pb_section fb_built=&#8220;1&#8243; _builder_version=&#8220;3.0.47&#8243;][et_pb_row _builder_version=&#8220;3.17.2&#8243;][et_pb_column type=&#8220;4_4&#8243; _builder_version=&#8220;3.0.47&#8243; parallax=&#8220;off&#8220; parallax_method=&#8220;on&#8220;][et_pb_text _builder_version=&#8220;3.17.2&#8243;] W\u00e4hlen Sie einen Sektor [\/et_pb_text][\/et_pb_column][\/et_pb_row][et_pb_row _builder_version=&#8220;3.17.2&#8243; background_size=&#8220;initial&#8220; background_position=&#8220;top_left&#8220; background_repeat=&#8220;repeat&#8220; global_module=&#8220;1266&#8243; saved_tabs=&#8220;all&#8220;][et_pb_column type=&#8220;1_3&#8243; _builder_version=&#8220;3.0.47&#8243; parallax=&#8220;off&#8220; parallax_method=&#8220;on&#8220;][et_pb_button button_url=&#8220;https:\/\/ingenis.pl\/de\/gebietskoerperschaften&#8220; button_text=&#8220;GEBIETSK\u00d6RPERSCHAFTEN&#8220; button_alignment=&#8220;center&#8220; admin_label=&#8220;JST&#8220; _builder_version=&#8220;3.17.2&#8243; custom_button=&#8220;on&#8220; button_bg_color=&#8220;#003366&#8243; background_layout=&#8220;dark&#8220; custom_css_main_element=&#8220;min-width: 300px;&#8220;][\/et_pb_button][\/et_pb_column][et_pb_column type=&#8220;1_3&#8243; _builder_version=&#8220;3.0.47&#8243; parallax=&#8220;off&#8220; parallax_method=&#8220;on&#8220;][et_pb_button button_url=&#8220;https:\/\/ingenis.pl\/de\/ppp\/&#8220; button_text=&#8220;PPP&#8220; button_alignment=&#8220;center&#8220; admin_label=&#8220;PPP&#8220; _builder_version=&#8220;3.17.2&#8243; custom_button=&#8220;on&#8220; button_bg_color=&#8220;#003366&#8243; background_layout=&#8220;dark&#8220; custom_css_main_element=&#8220;min-width: 300px;&#8220;][\/et_pb_button][\/et_pb_column][et_pb_column type=&#8220;1_3&#8243; _builder_version=&#8220;3.0.47&#8243; parallax=&#8220;off&#8220; parallax_method=&#8220;on&#8220;][et_pb_button button_url=&#8220;https:\/\/ingenis.pl\/de\/unternehmer&#8220; button_text=&#8220;UNTERNEHMER&#8220; button_alignment=&#8220;center&#8220; [&hellip;]<\/p>\n","protected":false},"author":1,"featured_media":0,"parent":0,"menu_order":0,"comment_status":"closed","ping_status":"closed","template":"","meta":{"_et_pb_use_builder":"on","_et_pb_old_content":"","_et_gb_content_width":"","footnotes":""},"class_list":["post-1099","page","type-page","status-publish","hentry"],"yoast_head":"<!-- This site is optimized with the Yoast SEO Premium plugin v22.1 (Yoast SEO v22.1) - https:\/\/yoast.com\/wordpress\/plugins\/seo\/ -->\n<title>Gebietsk\u00f6rperschaften - Dofinansowania Ingenis<\/title>\n<meta name=\"robots\" content=\"index, follow, max-snippet:-1, max-image-preview:large, max-video-preview:-1\" \/>\n<link rel=\"canonical\" href=\"https:\/\/ingenis.pl\/de\/jst\/\" \/>\n<meta property=\"og:locale\" content=\"de_DE\" \/>\n<meta property=\"og:type\" content=\"article\" \/>\n<meta property=\"og:title\" content=\"Gebietsk\u00f6rperschaften\" \/>\n<meta property=\"og:description\" content=\"[et_pb_section fb_built=&#8220;1&#8243; _builder_version=&#8220;3.0.47&#8243;][et_pb_row _builder_version=&#8220;3.17.2&#8243;][et_pb_column type=&#8220;4_4&#8243; _builder_version=&#8220;3.0.47&#8243; parallax=&#8220;off&#8220; parallax_method=&#8220;on&#8220;][et_pb_text _builder_version=&#8220;3.17.2&#8243;] W\u00e4hlen Sie einen Sektor [\/et_pb_text][\/et_pb_column][\/et_pb_row][et_pb_row _builder_version=&#8220;3.17.2&#8243; background_size=&#8220;initial&#8220; background_position=&#8220;top_left&#8220; background_repeat=&#8220;repeat&#8220; global_module=&#8220;1266&#8243; saved_tabs=&#8220;all&#8220;][et_pb_column type=&#8220;1_3&#8243; _builder_version=&#8220;3.0.47&#8243; parallax=&#8220;off&#8220; parallax_method=&#8220;on&#8220;][et_pb_button button_url=&#8220;https:\/\/ingenis.pl\/de\/gebietskoerperschaften&#8220; button_text=&#8220;GEBIETSK\u00d6RPERSCHAFTEN&#8220; button_alignment=&#8220;center&#8220; admin_label=&#8220;JST&#8220; _builder_version=&#8220;3.17.2&#8243; custom_button=&#8220;on&#8220; button_bg_color=&#8220;#003366&#8243; background_layout=&#8220;dark&#8220; custom_css_main_element=&#8220;min-width: 300px;&#8220;][\/et_pb_button][\/et_pb_column][et_pb_column type=&#8220;1_3&#8243; _builder_version=&#8220;3.0.47&#8243; parallax=&#8220;off&#8220; parallax_method=&#8220;on&#8220;][et_pb_button button_url=&#8220;https:\/\/ingenis.pl\/de\/ppp\/&#8220; button_text=&#8220;PPP&#8220; button_alignment=&#8220;center&#8220; admin_label=&#8220;PPP&#8220; _builder_version=&#8220;3.17.2&#8243; custom_button=&#8220;on&#8220; button_bg_color=&#8220;#003366&#8243; background_layout=&#8220;dark&#8220; custom_css_main_element=&#8220;min-width: 300px;&#8220;][\/et_pb_button][\/et_pb_column][et_pb_column type=&#8220;1_3&#8243; _builder_version=&#8220;3.0.47&#8243; parallax=&#8220;off&#8220; parallax_method=&#8220;on&#8220;][et_pb_button button_url=&#8220;https:\/\/ingenis.pl\/de\/unternehmer&#8220; button_text=&#8220;UNTERNEHMER&#8220; button_alignment=&#8220;center&#8220; [&hellip;]\" \/>\n<meta property=\"og:url\" content=\"https:\/\/ingenis.pl\/jst\/\" \/>\n<meta property=\"og:site_name\" content=\"Dofinansowania Ingenis\" \/>\n<meta property=\"article:modified_time\" content=\"2018-11-12T22:56:22+00:00\" \/>\n<meta name=\"twitter:card\" content=\"summary_large_image\" \/>\n<meta name=\"twitter:label1\" content=\"Gesch\u00e4tzte Lesezeit\" \/>\n\t<meta name=\"twitter:data1\" content=\"3\u00a0Minuten\" \/>\n<script type=\"application\/ld+json\" class=\"yoast-schema-graph\">{\"@context\":\"https:\/\/schema.org\",\"@graph\":[{\"@type\":\"WebPage\",\"@id\":\"https:\/\/ingenis.pl\/jst\/\",\"url\":\"https:\/\/ingenis.pl\/jst\/\",\"name\":\"Gebietsk\u00f6rperschaften - Dofinansowania Ingenis\",\"isPartOf\":{\"@id\":\"https:\/\/ingenis.pl\/#website\"},\"datePublished\":\"2018-10-25T20:52:57+00:00\",\"dateModified\":\"2018-11-12T22:56:22+00:00\",\"breadcrumb\":{\"@id\":\"https:\/\/ingenis.pl\/jst\/#breadcrumb\"},\"inLanguage\":\"de\",\"potentialAction\":[{\"@type\":\"ReadAction\",\"target\":[\"https:\/\/ingenis.pl\/jst\/\"]}]},{\"@type\":\"BreadcrumbList\",\"@id\":\"https:\/\/ingenis.pl\/jst\/#breadcrumb\",\"itemListElement\":[{\"@type\":\"ListItem\",\"position\":1,\"name\":\"Strona g\u0142\u00f3wna\",\"item\":\"https:\/\/ingenis.pl\/de\/\"},{\"@type\":\"ListItem\",\"position\":2,\"name\":\"Gebietsk\u00f6rperschaften\"}]},{\"@type\":\"WebSite\",\"@id\":\"https:\/\/ingenis.pl\/#website\",\"url\":\"https:\/\/ingenis.pl\/\",\"name\":\"Dofinansowania Ingenis\",\"description\":\"Pozna\u0144\",\"potentialAction\":[{\"@type\":\"SearchAction\",\"target\":{\"@type\":\"EntryPoint\",\"urlTemplate\":\"https:\/\/ingenis.pl\/?s={search_term_string}\"},\"query-input\":\"required name=search_term_string\"}],\"inLanguage\":\"de\"}]}<\/script>\n<!-- \/ Yoast SEO Premium plugin. -->","yoast_head_json":{"title":"Gebietsk\u00f6rperschaften - Dofinansowania Ingenis","robots":{"index":"index","follow":"follow","max-snippet":"max-snippet:-1","max-image-preview":"max-image-preview:large","max-video-preview":"max-video-preview:-1"},"canonical":"https:\/\/ingenis.pl\/de\/jst\/","og_locale":"de_DE","og_type":"article","og_title":"Gebietsk\u00f6rperschaften","og_description":"[et_pb_section fb_built=&#8220;1&#8243; _builder_version=&#8220;3.0.47&#8243;][et_pb_row _builder_version=&#8220;3.17.2&#8243;][et_pb_column type=&#8220;4_4&#8243; _builder_version=&#8220;3.0.47&#8243; parallax=&#8220;off&#8220; parallax_method=&#8220;on&#8220;][et_pb_text _builder_version=&#8220;3.17.2&#8243;] W\u00e4hlen Sie einen Sektor [\/et_pb_text][\/et_pb_column][\/et_pb_row][et_pb_row _builder_version=&#8220;3.17.2&#8243; background_size=&#8220;initial&#8220; background_position=&#8220;top_left&#8220; background_repeat=&#8220;repeat&#8220; global_module=&#8220;1266&#8243; saved_tabs=&#8220;all&#8220;][et_pb_column type=&#8220;1_3&#8243; _builder_version=&#8220;3.0.47&#8243; parallax=&#8220;off&#8220; parallax_method=&#8220;on&#8220;][et_pb_button button_url=&#8220;https:\/\/ingenis.pl\/de\/gebietskoerperschaften&#8220; button_text=&#8220;GEBIETSK\u00d6RPERSCHAFTEN&#8220; button_alignment=&#8220;center&#8220; admin_label=&#8220;JST&#8220; _builder_version=&#8220;3.17.2&#8243; custom_button=&#8220;on&#8220; button_bg_color=&#8220;#003366&#8243; background_layout=&#8220;dark&#8220; custom_css_main_element=&#8220;min-width: 300px;&#8220;][\/et_pb_button][\/et_pb_column][et_pb_column type=&#8220;1_3&#8243; _builder_version=&#8220;3.0.47&#8243; parallax=&#8220;off&#8220; parallax_method=&#8220;on&#8220;][et_pb_button button_url=&#8220;https:\/\/ingenis.pl\/de\/ppp\/&#8220; button_text=&#8220;PPP&#8220; button_alignment=&#8220;center&#8220; admin_label=&#8220;PPP&#8220; _builder_version=&#8220;3.17.2&#8243; custom_button=&#8220;on&#8220; button_bg_color=&#8220;#003366&#8243; background_layout=&#8220;dark&#8220; custom_css_main_element=&#8220;min-width: 300px;&#8220;][\/et_pb_button][\/et_pb_column][et_pb_column type=&#8220;1_3&#8243; _builder_version=&#8220;3.0.47&#8243; parallax=&#8220;off&#8220; parallax_method=&#8220;on&#8220;][et_pb_button button_url=&#8220;https:\/\/ingenis.pl\/de\/unternehmer&#8220; button_text=&#8220;UNTERNEHMER&#8220; button_alignment=&#8220;center&#8220; [&hellip;]","og_url":"https:\/\/ingenis.pl\/jst\/","og_site_name":"Dofinansowania Ingenis","article_modified_time":"2018-11-12T22:56:22+00:00","twitter_card":"summary_large_image","twitter_misc":{"Gesch\u00e4tzte Lesezeit":"3\u00a0Minuten"},"schema":{"@context":"https:\/\/schema.org","@graph":[{"@type":"WebPage","@id":"https:\/\/ingenis.pl\/jst\/","url":"https:\/\/ingenis.pl\/jst\/","name":"Gebietsk\u00f6rperschaften - Dofinansowania Ingenis","isPartOf":{"@id":"https:\/\/ingenis.pl\/#website"},"datePublished":"2018-10-25T20:52:57+00:00","dateModified":"2018-11-12T22:56:22+00:00","breadcrumb":{"@id":"https:\/\/ingenis.pl\/jst\/#breadcrumb"},"inLanguage":"de","potentialAction":[{"@type":"ReadAction","target":["https:\/\/ingenis.pl\/jst\/"]}]},{"@type":"BreadcrumbList","@id":"https:\/\/ingenis.pl\/jst\/#breadcrumb","itemListElement":[{"@type":"ListItem","position":1,"name":"Strona g\u0142\u00f3wna","item":"https:\/\/ingenis.pl\/de\/"},{"@type":"ListItem","position":2,"name":"Gebietsk\u00f6rperschaften"}]},{"@type":"WebSite","@id":"https:\/\/ingenis.pl\/#website","url":"https:\/\/ingenis.pl\/","name":"Dofinansowania Ingenis","description":"Pozna\u0144","potentialAction":[{"@type":"SearchAction","target":{"@type":"EntryPoint","urlTemplate":"https:\/\/ingenis.pl\/?s={search_term_string}"},"query-input":"required name=search_term_string"}],"inLanguage":"de"}]}},"_links":{"self":[{"href":"https:\/\/ingenis.pl\/de\/wp-json\/wp\/v2\/pages\/1099\/"}],"collection":[{"href":"https:\/\/ingenis.pl\/de\/wp-json\/wp\/v2\/pages\/"}],"about":[{"href":"https:\/\/ingenis.pl\/de\/wp-json\/wp\/v2\/types\/page\/"}],"author":[{"embeddable":true,"href":"https:\/\/ingenis.pl\/de\/wp-json\/wp\/v2\/users\/1\/"}],"replies":[{"embeddable":true,"href":"https:\/\/ingenis.pl\/de\/wp-json\/wp\/v2\/comments\/?post=1099"}],"version-history":[{"count":5,"href":"https:\/\/ingenis.pl\/de\/wp-json\/wp\/v2\/pages\/1099\/revisions\/"}],"predecessor-version":[{"id":1267,"href":"https:\/\/ingenis.pl\/de\/wp-json\/wp\/v2\/pages\/1099\/revisions\/1267\/"}],"wp:attachment":[{"href":"https:\/\/ingenis.pl\/de\/wp-json\/wp\/v2\/media\/?parent=1099"}],"curies":[{"name":"wp","href":"https:\/\/api.w.org\/{rel}","templated":true}]}}